{"id":903,"date":"2017-01-01T18:42:28","date_gmt":"2017-01-01T17:42:28","guid":{"rendered":"http:\/\/osdobje.splet.arnes.si\/?page_id=903"},"modified":"2017-01-04T09:21:04","modified_gmt":"2017-01-04T08:21:04","slug":"uzivajmo-v-zdravju","status":"publish","type":"page","link":"https:\/\/osdobje.splet.arnes.si\/?page_id=903","title":{"rendered":"U\u017eivajmo v zdravju"},"content":{"rendered":"<p><a href=\"http:\/\/osdobje.splet.arnes.si\/files\/2017\/01\/uzivajmo-v-zdravju-logo.png\"><img loading=\"lazy\" decoding=\"async\" class=\"alignnone  wp-image-908\" src=\"http:\/\/osdobje.splet.arnes.si\/files\/2017\/01\/uzivajmo-v-zdravju-logo-300x160.png\" alt=\"uzivajmo-v-zdravju-logo\" width=\"219\" height=\"121\" \/><\/a> <a href=\"http:\/\/osdobje.splet.arnes.si\/files\/2017\/01\/logotipi_uzivajmo1.jpg\"><img loading=\"lazy\" decoding=\"async\" class=\"alignnone size-medium wp-image-909\" src=\"http:\/\/osdobje.splet.arnes.si\/files\/2017\/01\/logotipi_uzivajmo1-300x49.jpg\" alt=\"logotipi_uzivajmo1\" width=\"300\" height=\"49\" \/><\/a> <a href=\"http:\/\/osdobje.splet.arnes.si\/files\/2017\/01\/logo_uzivajmo2.jpg\"><img loading=\"lazy\" decoding=\"async\" class=\"alignnone size-medium wp-image-910\" src=\"http:\/\/osdobje.splet.arnes.si\/files\/2017\/01\/logo_uzivajmo2-300x49.jpg\" alt=\"logo_uzivajmo2\" width=\"300\" height=\"49\" \/><\/a><\/p>\n<p>Oglejte si <a href=\"https:\/\/youtu.be\/Sa9b3OEjZvk\" target=\"_blank\">film\u010dek u\u017eivajmo v zdravju<\/a>, ki je nastal ob zaklju\u010dku projekta.<\/p>\n<p>O\u0160 Dobje je tudi v \u0161olskem letu 2016\/2017 vklju\u010dena v projekt U\u017dIVAJMO V ZDRAVJU, katerega namen je obvladovanje in prepre\u010devanje bolezni, povezanih z \u017eivljenjskim slogom (poudarek na prehranjevanju, gibanju, prepre\u010devanju in obravnavi debelosti pri otrocih, mladostnikih ter odraslih) in zmanj\u0161evanju neenakosti v zdravju. Za na\u0161 slogan smo dopolnili Hipokratov rek: <em>Na\u0161a hrana in gibanje naj bosta zdravilo in zdravilo naj bosta na\u0161a hrana in gibanje!<\/em><\/p>\n<p>Nosilec projekta: Zavod RS za \u0161olstvo, Irena Sim\u010di\u010d<\/p>\n<p>\u0160olski projektni tim:<\/p>\n<ul>\n<li>Suzana Plemenita\u0161, ravnateljica;<\/li>\n<li>Magda Dober\u0161ek, vodja tima;<\/li>\n<li>Mateja Pintar, vodja kuhinje;<\/li>\n<li>Janja Polen\u0161ek Davidovski, \u0161portna pedagoginja;<\/li>\n<li>Bo\u017ea Jazbin\u0161ek, svetovalna delavka;<\/li>\n<li>Lea Gosar, u\u010diteljica razrednega pouka.<\/li>\n<\/ul>\n<p>Ve\u010d informacij:\u00a0<a href=\"http:\/\/www.uzivajmovzdravju.si\/\">http:\/\/www.uzivajmovzdravju.si\/<\/a><\/p>\n<p><strong>ZAKLJU\u010cEK PROJEKTA<\/strong><\/p>\n<p style=\"text-align: justify\">Na O\u0160 Dobje smo z novembrom zaklju\u010dili pilotni projekt U\u017dIVAJMO V ZDRAVJU, izpod okrilja Irene Sim\u0161i\u010d z Zavoda RS za \u0161olstvo. Projekt je potekal v sodelovanju z NIJZ, Univerzo v Ljubljani, Institutom Jo\u017eefa Stefana, Fakulteto za zdravstvene vede Univerze v Mariboru in Fakultete za zdravstvo iz Jesenic.<\/p>\n<p style=\"text-align: justify\">Namen projekta je bil obvladovanje in prepre\u010devanje bolezni, povezanih z \u017eivljenjskim slogom in zmanj\u0161evanju neenakosti v zdravju. Na\u0161 poudarek je bil na prehranjevanju, gibanju, prepre\u010devanju in obravnavi debelosti pri otrocih, mladostnikih ter odraslih.<\/p>\n<p style=\"text-align: justify\">\u010clanice tima smo na rednih mese\u010dnih sestankih zbirale ideje in jih vpeljevale v \u0161olsko in izven \u0161olsko delo. Tako so u\u010denci pridobili osve\u017een jedilnik pri malici in kosilu, rojstne dni praznujejo z \u017eivili brez sladkorja, v dopoldanskem \u010dasu se udele\u017eujejo aktivnega odmora in minute za zdravje, tekmujejo v pe\u0161 hoji v \u0161olo in iz nje ter se udele\u017eujejo posebnih gibalnih vadb za zdravstveno ogro\u017eene. Za u\u010dence in star\u0161e smo organizirali tudi kuharske delavnice in delavnico o prehranskem opismenjevanju ter zdravem na\u010dinu prehranjevanja.<\/p>\n<p style=\"text-align: justify\">Na\u0161 slogan \u201c<em>Na\u0161a hrana in gibanje naj bosta zdravilo in zdravilo naj bosta na\u0161a hrana in gibanje!\u201d <\/em>bomo uresni\u010devali v sklopu strate\u0161kih in akcijskih na\u010drtov tudi v prihodnjih letih!<\/p>\n<p><em>\u00a0<\/em><\/p>\n","protected":false},"excerpt":{"rendered":"<p>Oglejte si film\u010dek u\u017eivajmo v zdravju, ki je nastal ob zaklju\u010dku projekta. O\u0160 Dobje je tudi v \u0161olskem letu 2016\/2017 vklju\u010dena v projekt U\u017dIVAJMO V ZDRAVJU, katerega namen je obvladovanje in prepre\u010devanje bolezni, povezanih z \u017eivljenjskim slogom (poudarek na prehranjevanju, &hellip; <a href=\"https:\/\/osdobje.splet.arnes.si\/?page_id=903\">Beri naprej <span class=\"meta-nav\">&rarr;<\/span><\/a><\/p>\n","protected":false},"author":351,"featured_media":0,"parent":0,"menu_order":0,"comment_status":"closed","ping_status":"closed","template":"","meta":{"ngg_post_thumbnail":0,"footnotes":""},"class_list":["post-903","page","type-page","status-publish","hentry"],"_links":{"self":[{"href":"https:\/\/osdobje.splet.arnes.si\/index.php?rest_route=\/wp\/v2\/pages\/903","targetHints":{"allow":["GET"]}}],"collection":[{"href":"https:\/\/osdobje.splet.arnes.si\/index.php?rest_route=\/wp\/v2\/pages"}],"about":[{"href":"https:\/\/osdobje.splet.arnes.si\/index.php?rest_route=\/wp\/v2\/types\/page"}],"author":[{"embeddable":true,"href":"https:\/\/osdobje.splet.arnes.si\/index.php?rest_route=\/wp\/v2\/users\/351"}],"replies":[{"embeddable":true,"href":"https:\/\/osdobje.splet.arnes.si\/index.php?rest_route=%2Fwp%2Fv2%2Fcomments&post=903"}],"version-history":[{"count":5,"href":"https:\/\/osdobje.splet.arnes.si\/index.php?rest_route=\/wp\/v2\/pages\/903\/revisions"}],"predecessor-version":[{"id":922,"href":"https:\/\/osdobje.splet.arnes.si\/index.php?rest_route=\/wp\/v2\/pages\/903\/revisions\/922"}],"wp:attachment":[{"href":"https:\/\/osdobje.splet.arnes.si\/index.php?rest_route=%2Fwp%2Fv2%2Fmedia&parent=903"}],"curies":[{"name":"wp","href":"https:\/\/api.w.org\/{rel}","templated":true}]}}