{"id":72,"date":"2014-07-01T12:17:41","date_gmt":"2014-07-01T10:17:41","guid":{"rendered":"http:\/\/osdobje.splet.arnes.si\/?page_id=72"},"modified":"2025-06-02T11:22:05","modified_gmt":"2025-06-02T09:22:05","slug":"ucbeniski-sklad","status":"publish","type":"page","link":"https:\/\/osdobje.splet.arnes.si\/?page_id=72","title":{"rendered":"U\u010dbeni\u0161ki sklad"},"content":{"rendered":"\n<p>V u\u010dbeni\u0161ki sklad so v <strong>\u0161olskem letu 2025\/26<\/strong> vklju\u010deni vsi u\u010denci na\u0161e \u0161ole.<\/p>\n\n\n\n<p><a href=\"https:\/\/osdobje.splet.arnes.si\/files\/2025\/06\/Seznam-ucbenikov-2025-26.pdf\">U\u010dbeniki 2025-26<\/a><\/p>\n\n\n\n<p><\/p>\n","protected":false},"excerpt":{"rendered":"<p>V u\u010dbeni\u0161ki sklad so v \u0161olskem letu 2025\/26 vklju\u010deni vsi u\u010denci na\u0161e \u0161ole. U\u010dbeniki 2025-26<\/p>\n","protected":false},"author":89974,"featured_media":0,"parent":0,"menu_order":0,"comment_status":"closed","ping_status":"closed","template":"sidebar-page.php","meta":{"ngg_post_thumbnail":0,"footnotes":""},"class_list":["post-72","page","type-page","status-publish","hentry"],"_links":{"self":[{"href":"https:\/\/osdobje.splet.arnes.si\/index.php?rest_route=\/wp\/v2\/pages\/72","targetHints":{"allow":["GET"]}}],"collection":[{"href":"https:\/\/osdobje.splet.arnes.si\/index.php?rest_route=\/wp\/v2\/pages"}],"about":[{"href":"https:\/\/osdobje.splet.arnes.si\/index.php?rest_route=\/wp\/v2\/types\/page"}],"author":[{"embeddable":true,"href":"https:\/\/osdobje.splet.arnes.si\/index.php?rest_route=\/wp\/v2\/users\/89974"}],"replies":[{"embeddable":true,"href":"https:\/\/osdobje.splet.arnes.si\/index.php?rest_route=%2Fwp%2Fv2%2Fcomments&post=72"}],"version-history":[{"count":5,"href":"https:\/\/osdobje.splet.arnes.si\/index.php?rest_route=\/wp\/v2\/pages\/72\/revisions"}],"predecessor-version":[{"id":4251,"href":"https:\/\/osdobje.splet.arnes.si\/index.php?rest_route=\/wp\/v2\/pages\/72\/revisions\/4251"}],"wp:attachment":[{"href":"https:\/\/osdobje.splet.arnes.si\/index.php?rest_route=%2Fwp%2Fv2%2Fmedia&parent=72"}],"curies":[{"name":"wp","href":"https:\/\/api.w.org\/{rel}","templated":true}]}}