{"id":4352,"date":"2025-10-30T08:17:39","date_gmt":"2025-10-30T07:17:39","guid":{"rendered":"https:\/\/osdobje.splet.arnes.si\/?page_id=4352"},"modified":"2025-10-30T08:17:40","modified_gmt":"2025-10-30T07:17:40","slug":"pravila-o-prilagajanju-solskih-obveznosti-status","status":"publish","type":"page","link":"https:\/\/osdobje.splet.arnes.si\/?page_id=4352","title":{"rendered":"Pravila o prilagajanju \u0161olskih obveznosti &#8211; Status"},"content":{"rendered":"\n<p>Na tej strani najdete <a href=\"https:\/\/osdobje.splet.arnes.si\/files\/2025\/10\/Pravila-o-prilagajanju-solskih-obveznosti-15.-9.-2025-1.pdf\">Pravila o prilagajanju \u0161olskih obveznosti<\/a>, spodaj pa obrazce:<\/p>\n\n\n\n<p><a href=\"https:\/\/osdobje.splet.arnes.si\/files\/2025\/10\/Obrazec-Perspektivni-mladi-umetnik.pdf\">Obrazec &#8211; Perspektivni mladi umetnik<\/a><\/p>\n\n\n\n<p><a href=\"https:\/\/osdobje.splet.arnes.si\/files\/2025\/10\/Obrazec-Perspektivni-sportnik.pdf\">Obrazec &#8211; Perspektivni \u0161portnik<\/a><\/p>\n\n\n\n<p><a href=\"https:\/\/osdobje.splet.arnes.si\/files\/2025\/10\/Obrazec-Vrhunski-mladi-umetnik.pdf\">Obrazec &#8211; Vrhunski mladi umetnik<\/a><\/p>\n\n\n\n<p><a href=\"https:\/\/osdobje.splet.arnes.si\/files\/2025\/10\/Obrazec-Vrhunski-sportnik.pdf\">Obrazec &#8211; Vrhunski \u0161portnik<\/a><\/p>\n\n\n\n<p><\/p>\n","protected":false},"excerpt":{"rendered":"<p>Na tej strani najdete Pravila o prilagajanju \u0161olskih obveznosti, spodaj pa obrazce: Obrazec &#8211; Perspektivni mladi umetnik Obrazec &#8211; Perspektivni \u0161portnik Obrazec &#8211; Vrhunski mladi umetnik Obrazec &#8211; Vrhunski \u0161portnik<\/p>\n","protected":false},"author":89974,"featured_media":0,"parent":0,"menu_order":0,"comment_status":"closed","ping_status":"closed","template":"","meta":{"ngg_post_thumbnail":0,"footnotes":""},"class_list":["post-4352","page","type-page","status-publish","hentry"],"_links":{"self":[{"href":"https:\/\/osdobje.splet.arnes.si\/index.php?rest_route=\/wp\/v2\/pages\/4352","targetHints":{"allow":["GET"]}}],"collection":[{"href":"https:\/\/osdobje.splet.arnes.si\/index.php?rest_route=\/wp\/v2\/pages"}],"about":[{"href":"https:\/\/osdobje.splet.arnes.si\/index.php?rest_route=\/wp\/v2\/types\/page"}],"author":[{"embeddable":true,"href":"https:\/\/osdobje.splet.arnes.si\/index.php?rest_route=\/wp\/v2\/users\/89974"}],"replies":[{"embeddable":true,"href":"https:\/\/osdobje.splet.arnes.si\/index.php?rest_route=%2Fwp%2Fv2%2Fcomments&post=4352"}],"version-history":[{"count":1,"href":"https:\/\/osdobje.splet.arnes.si\/index.php?rest_route=\/wp\/v2\/pages\/4352\/revisions"}],"predecessor-version":[{"id":4358,"href":"https:\/\/osdobje.splet.arnes.si\/index.php?rest_route=\/wp\/v2\/pages\/4352\/revisions\/4358"}],"wp:attachment":[{"href":"https:\/\/osdobje.splet.arnes.si\/index.php?rest_route=%2Fwp%2Fv2%2Fmedia&parent=4352"}],"curies":[{"name":"wp","href":"https:\/\/api.w.org\/{rel}","templated":true}]}}