{"id":4322,"date":"2025-10-09T10:32:51","date_gmt":"2025-10-09T08:32:51","guid":{"rendered":"https:\/\/osdobje.splet.arnes.si\/?page_id=4322"},"modified":"2025-10-09T10:48:06","modified_gmt":"2025-10-09T08:48:06","slug":"en-vir-go","status":"publish","type":"page","link":"https:\/\/osdobje.splet.arnes.si\/?page_id=4322","title":{"rendered":"EN-VIR-GO"},"content":{"rendered":"\n<figure class=\"wp-block-image size-full is-resized\"><a href=\"https:\/\/envirgo.splet.arnes.si\/\"><img loading=\"lazy\" decoding=\"async\" width=\"300\" height=\"300\" src=\"https:\/\/osdobje.splet.arnes.si\/files\/2025\/10\/EN-VIR-GO.png\" alt=\"\" class=\"wp-image-4323\" style=\"width:230px;height:auto\" srcset=\"https:\/\/osdobje.splet.arnes.si\/files\/2025\/10\/EN-VIR-GO.png 300w, https:\/\/osdobje.splet.arnes.si\/files\/2025\/10\/EN-VIR-GO-150x150.png 150w\" sizes=\"auto, (max-width: 300px) 100vw, 300px\" \/><\/a><\/figure>\n\n\n\n<p>Projekt <a href=\"https:\/\/envirgo.splet.arnes.si\/\">EN-VIR-GO<\/a> je namenjen krepitvi kompetenc za trajnostni razvoj v slovenskih vrtcih in osnovnih \u0161olah. Temelji na strate\u0161kih usmeritvah (<a href=\"http:\/\/chrome-extension:\/\/efaidnbmnnnibpcajpcglclefindmkaj\/https:\/\/www.gov.si\/assets\/ministrstva\/MKRR\/Strategija-razvoja-Slovenije-2030\/Strategija_razvoja_Slovenije_2030.pdf\">Strategija razvoja Slovenije 2030<\/a>, <a href=\"https:\/\/www.consilium.europa.eu\/sl\/policies\/european-green-deal\/\">Zeleni dogovor EU<\/a>, <a href=\"https:\/\/www.gov.si\/zbirke\/projekti-in-programi\/uresnicevanje-agende-2030\/\">Agenda 2030 OZN<\/a>) ter na ugotovljenih vrzelih v praksi, kot so neenakomerni pristopi med regijami, pomanjkanje inovativnih metod pou\u010devanja in omejen prenos znanja.<\/p>\n\n\n\n<p><strong>Glavne aktivnosti projekta so <\/strong>razvoj medpredmetnega projektno-raziskovalnega dela, usmerjenega v re\u0161evanje realnih okoljskih izzivov, uvedba trajnostnih modulov v redni pouk (npr. \u201cZelena podjetnost\u201d), digitalna orodja za spremljanje napredka in lastnega oglji\u010dnega odtisa, pilotna okolja (zelene u\u010dilnice, u\u010dne skupnosti), usposabljanje u\u010diteljev z inovativnimi metodami, tesno povezovanje z lokalno skupnostjo, gospodarstvom in NVO, eksperimentalno delo in prakti\u010dno u\u010denje na prostem (vsaj 30 % dejavnosti izven u\u010dilnice), na podlagi \u0161tirih vsebinskih <strong>prioritetnih podro\u010dij razvoja in krepitve kompetenc trajnostnega razvoja, kot so <\/strong>energetika, obnovljivi viri energije, kro\u017eno gospodarstvo in kro\u017ene \u0161ole ter zmanj\u0161evanje oglji\u010dnega in eko odtisa.<\/p>\n\n\n\n<p>Projekt bo izveden v osmih VIZ-ih in v izbranih inovativnih oddelkih, kjer bo v ospredju aktivna vloga u\u010dencev in otrok. Poudarek bo na razvoju trajnostne pismenosti, kriti\u010dnega in sistemskega mi\u0161ljenja, okoljske odgovornosti, digitalnih in podjetnostnih kompetenc (v skladu z evropskim okvirom <a href=\"http:\/\/chrome-extension:\/\/efaidnbmnnnibpcajpcglclefindmkaj\/https:\/\/www.zrss.si\/pdf\/greencomp.pdf\">GreenComp<\/a>), inovativnih u\u010dnih scenarijev in didakti\u010dnih priporo\u010dil, vzpostavitvi u\u010de\u010dih se skupnosti in podpornih okolij za trajnostno transformacijo pouka ter dolgoro\u010dni krepitvi trajnostne naravnanosti otrok, u\u010diteljev in lokalnih okolij.<\/p>\n\n\n\n<p>Klju\u010dni cilji so razvoj novih in nadgradnja \u017ee obstoje\u010dih ter preizku\u0161enih didakti\u010dnih pristopov, pedago\u0161kih strategij in dobrih u\u010dnih praks v inovativnih u\u010dnih okoljih ter prispevek k dolgoro\u010dnemu razvoju trajnostne naravnanosti otrok, u\u010diteljev in lokalnih okolij s strokovno podlago za prihodnje oblikovanje sistemskih re\u0161itev na podro\u010dju trajnostnega izobra\u017eevanja.<\/p>\n\n\n\n<p>Projekt EN-VIR-GO se usmerja k vzpostavitvi celovitega modela vklju\u010devanja trajnostnega razvoja v vzgojno-izobra\u017eevalni proces, ki bo otroke in u\u010dence usposobil za aktivno vlogo nosilcev sprememb, hkrati pa prispeval k \u0161ir\u0161i trajnostni preobrazbi dru\u017ebe.<\/p>\n\n\n\n<p>Koordinatorica projekta: Reneja Sara Centrih Ka\u010di\u010dnik<\/p>\n\n\n\n<p>\u010clani razvojnega tima: Anamari Gu\u010dek, Katja Kolman, Nu\u0161a Kostanj\u0161ek, Metka Bratec, Suzana Plemenita\u0161<\/p>\n\n\n\n<figure class=\"wp-block-image size-large\"><a href=\"https:\/\/osdobje.splet.arnes.si\/files\/2025\/10\/FINA-PISMA-pasica-scaled.png\"><img loading=\"lazy\" decoding=\"async\" width=\"1024\" height=\"91\" src=\"https:\/\/osdobje.splet.arnes.si\/files\/2025\/10\/FINA-PISMA-pasica-1024x91.png\" alt=\"\" class=\"wp-image-4311\" srcset=\"https:\/\/osdobje.splet.arnes.si\/files\/2025\/10\/FINA-PISMA-pasica-1024x91.png 1024w, https:\/\/osdobje.splet.arnes.si\/files\/2025\/10\/FINA-PISMA-pasica-300x27.png 300w, https:\/\/osdobje.splet.arnes.si\/files\/2025\/10\/FINA-PISMA-pasica-768x68.png 768w, https:\/\/osdobje.splet.arnes.si\/files\/2025\/10\/FINA-PISMA-pasica-1536x136.png 1536w, https:\/\/osdobje.splet.arnes.si\/files\/2025\/10\/FINA-PISMA-pasica-2048x182.png 2048w, https:\/\/osdobje.splet.arnes.si\/files\/2025\/10\/FINA-PISMA-pasica-500x44.png 500w\" sizes=\"auto, (max-width: 1024px) 100vw, 1024px\" \/><\/a><\/figure>\n\n\n\n<p><\/p>\n","protected":false},"excerpt":{"rendered":"<p>Projekt EN-VIR-GO je namenjen krepitvi kompetenc za trajnostni razvoj v slovenskih vrtcih in osnovnih \u0161olah. Temelji na strate\u0161kih usmeritvah (Strategija razvoja Slovenije 2030, Zeleni dogovor EU, Agenda 2030 OZN) ter na ugotovljenih vrzelih v praksi, kot so neenakomerni pristopi med &hellip; <a href=\"https:\/\/osdobje.splet.arnes.si\/?page_id=4322\">Beri naprej <span class=\"meta-nav\">&rarr;<\/span><\/a><\/p>\n","protected":false},"author":89974,"featured_media":0,"parent":0,"menu_order":0,"comment_status":"closed","ping_status":"closed","template":"","meta":{"ngg_post_thumbnail":0,"footnotes":""},"class_list":["post-4322","page","type-page","status-publish","hentry"],"_links":{"self":[{"href":"https:\/\/osdobje.splet.arnes.si\/index.php?rest_route=\/wp\/v2\/pages\/4322","targetHints":{"allow":["GET"]}}],"collection":[{"href":"https:\/\/osdobje.splet.arnes.si\/index.php?rest_route=\/wp\/v2\/pages"}],"about":[{"href":"https:\/\/osdobje.splet.arnes.si\/index.php?rest_route=\/wp\/v2\/types\/page"}],"author":[{"embeddable":true,"href":"https:\/\/osdobje.splet.arnes.si\/index.php?rest_route=\/wp\/v2\/users\/89974"}],"replies":[{"embeddable":true,"href":"https:\/\/osdobje.splet.arnes.si\/index.php?rest_route=%2Fwp%2Fv2%2Fcomments&post=4322"}],"version-history":[{"count":9,"href":"https:\/\/osdobje.splet.arnes.si\/index.php?rest_route=\/wp\/v2\/pages\/4322\/revisions"}],"predecessor-version":[{"id":4340,"href":"https:\/\/osdobje.splet.arnes.si\/index.php?rest_route=\/wp\/v2\/pages\/4322\/revisions\/4340"}],"wp:attachment":[{"href":"https:\/\/osdobje.splet.arnes.si\/index.php?rest_route=%2Fwp%2Fv2%2Fmedia&parent=4322"}],"curies":[{"name":"wp","href":"https:\/\/api.w.org\/{rel}","templated":true}]}}