{"id":4303,"date":"2025-10-01T10:56:39","date_gmt":"2025-10-01T08:56:39","guid":{"rendered":"https:\/\/osdobje.splet.arnes.si\/?page_id=4303"},"modified":"2025-10-01T11:02:23","modified_gmt":"2025-10-01T09:02:23","slug":"fina-pisma-2","status":"publish","type":"page","link":"https:\/\/osdobje.splet.arnes.si\/?page_id=4303","title":{"rendered":"FINA-PISMA"},"content":{"rendered":"\n<p>V \u0161olskem letu 2025\/26 aktivno sodelujemo pri projektu \u00bb<strong><a href=\"https:\/\/www.ospo-slb.si\/fina-pisma\/\">FINA-PISMA<\/a><\/strong>\u00ab, ki ga koordinira <a href=\"https:\/\/www.ospo-slb.si\/\">Osnovna \u0161ola Pohorskega odreda Slovenska Bistrica<\/a>.<\/p>\n\n\n\n<figure class=\"wp-block-image size-full is-resized\"><a href=\"https:\/\/www.ospo-slb.si\/fina-pisma\/\"><img loading=\"lazy\" decoding=\"async\" width=\"594\" height=\"547\" src=\"https:\/\/osdobje.splet.arnes.si\/files\/2025\/10\/Fina-pisma.png\" alt=\"\" class=\"wp-image-4310\" style=\"width:200px;height:auto\" srcset=\"https:\/\/osdobje.splet.arnes.si\/files\/2025\/10\/Fina-pisma.png 594w, https:\/\/osdobje.splet.arnes.si\/files\/2025\/10\/Fina-pisma-300x276.png 300w, https:\/\/osdobje.splet.arnes.si\/files\/2025\/10\/Fina-pisma-326x300.png 326w\" sizes=\"auto, (max-width: 594px) 100vw, 594px\" \/><\/a><\/figure>\n\n\n\n<p>Projekt\u00a0 financira <a href=\"https:\/\/www.zrss.si\/\">Zavod Republike Slovenije za \u0161olstvo<\/a> v sodelovanju z <a href=\"https:\/\/www.gov.si\/drzavni-organi\/ministrstva\/ministrstvo-za-vzgojo-in-izobrazevanje\/\">Ministrstvom za vzgojo in izobra\u017eevanje<\/a> ter Evropsko unijo &#8211; <a href=\"https:\/\/next-generation-eu.europa.eu\/index_en\">NextGenerationEU<\/a> (<a href=\"https:\/\/www.gov.si\/zbirke\/projekti-in-programi\/nacrt-za-okrevanje-in-odpornost\/\">Na\u010drt za okrevanje in odpornost<\/a>).<\/p>\n\n\n\n<p>Osnovni namen projekta je krepitev kompetenc, zlasti digitalnih in tistih, ki jih zahtevajo novi poklici in zeleni prehod.<\/p>\n\n\n\n<p>Razvijali bomo inovativne u\u010dne scenarije, ki u\u010dencem pribli\u017eajo pomen var\u010devanja, investiranja in odgovornega ravnanja z denarjem. U\u010dence bomo pripravljali na finan\u010dne izzive sodobnega sveta ter jih spodbujali, da bodo kriti\u010dno razmi\u0161ljali o potro\u0161ni\u0161tvu \u017ee v otro\u0161tvu oz. mladosti.<\/p>\n\n\n\n<p>U\u010diteljem in drugim strokovnim delavcem bo omogo\u010deno, da pridobijo aktualna znanja ter prakti\u010dna orodja za izvajanje vsebin finan\u010dne pismenosti pri pouku in \u0161olskih projektih. Povezali se bomo tudi z zunanjimi strokovnjaki (FURS, Banka Slovenije) in \u0161irili primere dobrih praks na podro\u010dju finan\u010dnega opismenjevanja.<\/p>\n\n\n\n<div class=\"wp-block-group\"><div class=\"wp-block-group__inner-container is-layout-constrained wp-block-group-is-layout-constrained\">\n<div class=\"wp-block-group\"><div class=\"wp-block-group__inner-container is-layout-constrained wp-block-group-is-layout-constrained\">\n<div class=\"wp-block-group is-vertical is-layout-flex wp-container-core-group-is-layout-8cf370e7 wp-block-group-is-layout-flex\">\n<p>U\u010ditelji, \u010dlani \u0161olskega razvojnega tima:<\/p>\n\n\n\n<ul class=\"wp-block-list\">\n<li>Suzana Plemenita\u0161, ravnateljica<\/li>\n\n\n\n<li>Teja Bezgov\u0161ek<\/li>\n\n\n\n<li>Sanja Centrih<\/li>\n\n\n\n<li>Anamari Gu\u010dek<\/li>\n\n\n\n<li>Bo\u017ea Jazbin\u0161ek<\/li>\n<\/ul>\n<\/div>\n<\/div><\/div>\n<\/div><\/div>\n\n\n\n<p>Koordinatorica projekta na \u0161oli je u\u010diteljica Sanja Centrih.<\/p>\n\n\n\n<p>\u00bb<em>Le z ustreznim in skrbno na\u010drtovanim izobra\u017eevanjem bomo poskrbeli, da bodo mladi v prihodnosti sprejemali smotrne in odgovorne finan\u010dne odlo\u010ditve.<\/em>\u00ab<\/p>\n\n\n\n<figure class=\"wp-block-image size-large\"><a href=\"https:\/\/osdobje.splet.arnes.si\/files\/2025\/10\/FINA-PISMA-pasica-scaled.png\"><img loading=\"lazy\" decoding=\"async\" width=\"1024\" height=\"91\" src=\"https:\/\/osdobje.splet.arnes.si\/files\/2025\/10\/FINA-PISMA-pasica-1024x91.png\" alt=\"\" class=\"wp-image-4311\" srcset=\"https:\/\/osdobje.splet.arnes.si\/files\/2025\/10\/FINA-PISMA-pasica-1024x91.png 1024w, https:\/\/osdobje.splet.arnes.si\/files\/2025\/10\/FINA-PISMA-pasica-300x27.png 300w, https:\/\/osdobje.splet.arnes.si\/files\/2025\/10\/FINA-PISMA-pasica-768x68.png 768w, https:\/\/osdobje.splet.arnes.si\/files\/2025\/10\/FINA-PISMA-pasica-1536x136.png 1536w, https:\/\/osdobje.splet.arnes.si\/files\/2025\/10\/FINA-PISMA-pasica-2048x182.png 2048w, https:\/\/osdobje.splet.arnes.si\/files\/2025\/10\/FINA-PISMA-pasica-500x44.png 500w\" sizes=\"auto, (max-width: 1024px) 100vw, 1024px\" \/><\/a><\/figure>\n\n\n\n<p><\/p>\n","protected":false},"excerpt":{"rendered":"<p>V \u0161olskem letu 2025\/26 aktivno sodelujemo pri projektu \u00bbFINA-PISMA\u00ab, ki ga koordinira Osnovna \u0161ola Pohorskega odreda Slovenska Bistrica. Projekt\u00a0 financira Zavod Republike Slovenije za \u0161olstvo v sodelovanju z Ministrstvom za vzgojo in izobra\u017eevanje ter Evropsko unijo &#8211; NextGenerationEU (Na\u010drt za &hellip; <a href=\"https:\/\/osdobje.splet.arnes.si\/?page_id=4303\">Beri naprej <span class=\"meta-nav\">&rarr;<\/span><\/a><\/p>\n","protected":false},"author":89974,"featured_media":0,"parent":0,"menu_order":0,"comment_status":"closed","ping_status":"closed","template":"","meta":{"ngg_post_thumbnail":0,"footnotes":""},"class_list":["post-4303","page","type-page","status-publish","hentry"],"_links":{"self":[{"href":"https:\/\/osdobje.splet.arnes.si\/index.php?rest_route=\/wp\/v2\/pages\/4303","targetHints":{"allow":["GET"]}}],"collection":[{"href":"https:\/\/osdobje.splet.arnes.si\/index.php?rest_route=\/wp\/v2\/pages"}],"about":[{"href":"https:\/\/osdobje.splet.arnes.si\/index.php?rest_route=\/wp\/v2\/types\/page"}],"author":[{"embeddable":true,"href":"https:\/\/osdobje.splet.arnes.si\/index.php?rest_route=\/wp\/v2\/users\/89974"}],"replies":[{"embeddable":true,"href":"https:\/\/osdobje.splet.arnes.si\/index.php?rest_route=%2Fwp%2Fv2%2Fcomments&post=4303"}],"version-history":[{"count":2,"href":"https:\/\/osdobje.splet.arnes.si\/index.php?rest_route=\/wp\/v2\/pages\/4303\/revisions"}],"predecessor-version":[{"id":4314,"href":"https:\/\/osdobje.splet.arnes.si\/index.php?rest_route=\/wp\/v2\/pages\/4303\/revisions\/4314"}],"wp:attachment":[{"href":"https:\/\/osdobje.splet.arnes.si\/index.php?rest_route=%2Fwp%2Fv2%2Fmedia&parent=4303"}],"curies":[{"name":"wp","href":"https:\/\/api.w.org\/{rel}","templated":true}]}}