{"id":3935,"date":"2024-09-17T11:50:34","date_gmt":"2024-09-17T09:50:34","guid":{"rendered":"https:\/\/osdobje.splet.arnes.si\/?page_id=3935"},"modified":"2026-03-11T09:24:39","modified_gmt":"2026-03-11T08:24:39","slug":"rap-razsirjeni-program","status":"publish","type":"page","link":"https:\/\/osdobje.splet.arnes.si\/?page_id=3935","title":{"rendered":"RaP &#8211; Raz\u0161irjeni program"},"content":{"rendered":"\n<p>Kliknite na spodnjo povezavo za ogled urnika dejavnosti v okviru raz\u0161irjenega programa:<br><a href=\"https:\/\/osdobje.splet.arnes.si\/files\/2026\/02\/Urnik-RaP-2025-26.pdf\">Urnik Rap 2025-26<\/a><\/p>\n\n\n\n<p>Na naslednji povezavi najdete <a href=\"https:\/\/osdobje.splet.arnes.si\/files\/2026\/03\/LDN-RaP-2025-26.pdf\">LDN za raz\u0161irjen program za \u0161olsko leto 2025\/26<\/a>, prilo\u017een pa je tudi opis <a href=\"https:\/\/osdobje.splet.arnes.si\/files\/2026\/03\/Dejavnosti-RaP-25-26.pdf\">Dejavnosti raz\u0161irjenega programa v \u0161olskem letu 2025\/26<\/a>.<\/p>\n\n\n\n<p>Namen raz\u0161irjenega programa osnovne \u0161ole je vsem u\u010dencem in u\u010denkam omogo\u010diti zdrav in celostni osebnostni razvoj, ki sledi njihovim individualnim zmo\u017enostim, interesom, talentom in potrebam, ob smiselnem upo\u0161tevanju individualnih aspiracij in pri\u010dakovanj. Raz\u0161irjeni program osnovne \u0161ole omogo\u010da tudi bolj poglobljeno spoznavanje u\u010dencev in prispeva k medsebojnemu sodelovanju in razvijanju kakovostnih odnosov med strokovnimi delavci in u\u010denci, kar pomembno pripomore k ve\u010dji motiviranosti obojih za doseganje ciljev osnovno\u0161olskega programa v celoti. Raz\u0161irjeni program osnovne \u0161ole je zato treba po eni strani razumeti kot komplementarni del obveznega programa, saj je mogo\u010de namene in cilje tako enega kot drugega uresni\u010devati samo v smiselni sinergiji, po drugi strani pa je njegov namen dosegati tudi lastne, specifi\u010dne cilje, ki jih zgolj v obveznem programu ni mogo\u010de udejanjati v celoti.<\/p>\n\n\n\n<p>V raz\u0161irjeni program se u\u010denci vklju\u010dujejo prostovoljno.<\/p>\n\n\n\n<p>Raz\u0161irjeni program po sprejetju novega koncepta obsega:<\/p>\n\n\n\n<ul class=\"wp-block-list\">\n<li>podro\u010dje gibanje in zdravje za dobro telesno in du\u0161evno po\u010dutje;<\/li>\n\n\n\n<li>podro\u010dje kultura in dr\u017eavljanska vzgoja;<\/li>\n\n\n\n<li>podro\u010dje u\u010denje u\u010denja.<\/li>\n<\/ul>\n\n\n\n<p>Kurikulum za raz\u0161irjeni program osnovne \u0161ole je na voljo v Digitalni bralnici ZRS\u0160 na <a href=\"https:\/\/www.zrss.si\/digitalna-bralnica\/kurikulum-za-razsirjeni-program-osnovne-sole\/\">povezavi<\/a>.<\/p>\n\n\n\n<p>Raz\u0161irjeni program pred sprejetjem novega koncepta obsega:<\/p>\n\n\n\n<ul class=\"wp-block-list\">\n<li><strong>podalj\u0161ano bivanje<\/strong>, ki ga osnovna \u0161ola organizira za u\u010dence od 1. do 5. razreda, za u\u010dence, ki so usmerjeni v prilagojene izobra\u017eevalne programe ali v posebni program, pa \u0161ola organizira podalj\u0161ano bivanje do zaklju\u010dka izobra\u017eevanja v osnovni \u0161oli;<\/li>\n\n\n\n<li><strong>jutranje varstvo<\/strong> za u\u010dencev prvega razreda;<\/li>\n\n\n\n<li><strong>dodatni pouk<\/strong> se organizira za u\u010dence, ki pri posameznih predmetih presegajo dolo\u010dene standarde znanja;<\/li>\n\n\n\n<li><strong>dopolnilni pouk<\/strong> se organizira za u\u010dence, ki potrebujejo pomo\u010d pri u\u010denju;<\/li>\n\n\n\n<li><strong>interesne dejavnosti<\/strong> za razvijanje razli\u010dnih interesov u\u010dencev;<\/li>\n\n\n\n<li>pouk neobveznih izbirnih predmetov.<\/li>\n<\/ul>\n\n\n\n<p>\u0160ola ponudi neobvezne izbirne predmete u\u010dencem 4., 5. in 6. razreda (pouk drugega tujega jezika, umetnosti, ra\u010dunalni\u0161tva, \u0161porta ter tehnike) ter u\u010dencem 7., 8. in 9. razreda (drugega tujega jezika kot neobvezni izbirni predmet).<\/p>\n\n\n\n<p>V okviru raz\u0161irjenega programa se izvaja pouk otro\u0161kega in mladinskega pevskega zbora.<\/p>\n\n\n\n<p>Vir: <a href=\"https:\/\/www.zrss.si\/podrocja\/osnovna-sola\/razsirjen-program\/\">ZRS\u0160 &#8211; Raz\u0161irjeni program<\/a><\/p>\n","protected":false},"excerpt":{"rendered":"<p>Kliknite na spodnjo povezavo za ogled urnika dejavnosti v okviru raz\u0161irjenega programa:Urnik Rap 2025-26 Na naslednji povezavi najdete LDN za raz\u0161irjen program za \u0161olsko leto 2025\/26, prilo\u017een pa je tudi opis Dejavnosti raz\u0161irjenega programa v \u0161olskem letu 2025\/26. Namen raz\u0161irjenega &hellip; <a href=\"https:\/\/osdobje.splet.arnes.si\/?page_id=3935\">Beri naprej <span class=\"meta-nav\">&rarr;<\/span><\/a><\/p>\n","protected":false},"author":89974,"featured_media":0,"parent":0,"menu_order":0,"comment_status":"closed","ping_status":"closed","template":"","meta":{"ngg_post_thumbnail":0,"footnotes":""},"class_list":["post-3935","page","type-page","status-publish","hentry"],"_links":{"self":[{"href":"https:\/\/osdobje.splet.arnes.si\/index.php?rest_route=\/wp\/v2\/pages\/3935","targetHints":{"allow":["GET"]}}],"collection":[{"href":"https:\/\/osdobje.splet.arnes.si\/index.php?rest_route=\/wp\/v2\/pages"}],"about":[{"href":"https:\/\/osdobje.splet.arnes.si\/index.php?rest_route=\/wp\/v2\/types\/page"}],"author":[{"embeddable":true,"href":"https:\/\/osdobje.splet.arnes.si\/index.php?rest_route=\/wp\/v2\/users\/89974"}],"replies":[{"embeddable":true,"href":"https:\/\/osdobje.splet.arnes.si\/index.php?rest_route=%2Fwp%2Fv2%2Fcomments&post=3935"}],"version-history":[{"count":14,"href":"https:\/\/osdobje.splet.arnes.si\/index.php?rest_route=\/wp\/v2\/pages\/3935\/revisions"}],"predecessor-version":[{"id":4517,"href":"https:\/\/osdobje.splet.arnes.si\/index.php?rest_route=\/wp\/v2\/pages\/3935\/revisions\/4517"}],"wp:attachment":[{"href":"https:\/\/osdobje.splet.arnes.si\/index.php?rest_route=%2Fwp%2Fv2%2Fmedia&parent=3935"}],"curies":[{"name":"wp","href":"https:\/\/api.w.org\/{rel}","templated":true}]}}