{"id":3195,"date":"2023-03-31T11:03:46","date_gmt":"2023-03-31T09:03:46","guid":{"rendered":"https:\/\/osdobje.splet.arnes.si\/?page_id=3195"},"modified":"2026-03-11T08:44:41","modified_gmt":"2026-03-11T07:44:41","slug":"vzgoja-za-trajnostni-razvoj-vitr","status":"publish","type":"page","link":"https:\/\/osdobje.splet.arnes.si\/?page_id=3195","title":{"rendered":"Vzgoja za trajnostni razvoj (VITR)"},"content":{"rendered":"\n<p>V \u0161olskem letu 2022\/23 aktivno sodelujemo pri izvajanju ukrepa \u00bbPodnebni cilji in vsebine v vzgoji in izobra\u017eevanju\u00ab, ki ga koordinira Zavod Republike Slovenije za \u0161olstvo v sodelovanju z Ministrstvom za vzgojo in izobra\u017eevanje ter Ministrstvom za okolje in prostor.<\/p>\n\n\n\n<p>Osnovni namen projekta je razvoj na\u010dina vklju\u010devanja podnebnih ciljev in vsebin v izobra\u017eevanje na podlagi vrednotenja dosedanjega izobra\u017eevalnega programa.<br><\/p>\n\n\n\n<p><strong>Osebna izkaznica Osnovne \u0161ole Dobje<\/strong><\/p>\n\n\n<div class=\"wp-block-image is-resized\">\n<figure class=\"aligncenter size-full\"><a href=\"https:\/\/osdobje.splet.arnes.si\/files\/2023\/03\/image-6.png\"><img loading=\"lazy\" decoding=\"async\" width=\"358\" height=\"492\" src=\"https:\/\/osdobje.splet.arnes.si\/files\/2023\/03\/image-6.png\" alt=\"\" class=\"wp-image-3215\" srcset=\"https:\/\/osdobje.splet.arnes.si\/files\/2023\/03\/image-6.png 358w, https:\/\/osdobje.splet.arnes.si\/files\/2023\/03\/image-6-218x300.png 218w\" sizes=\"auto, (max-width: 358px) 100vw, 358px\" \/><\/a><\/figure>\n<\/div>\n\n\n<p>U\u010dence \u017eelimo vklju\u010diti v \u010dim ve\u010d aktivnosti, kjer bodo imeli prilo\u017enosti za poglobljeno razumevanje trajnostnih izzivov ter odkrivanje mo\u017enosti lastnega prispevka k trajnostnemu razvoju, s ciljem, da oblikujejo vrednote in stali\u0161\u010da v smeri trajnostne preobrazbe. V aktivnosti bomo vklju\u010dili tudi star\u0161e, lokalno skupnost ter zunanje strokovne sodelavce.<\/p>\n\n\n\n<figure class=\"wp-block-image size-full\"><a href=\"https:\/\/osdobje.splet.arnes.si\/files\/2023\/03\/image.png\"><img loading=\"lazy\" decoding=\"async\" width=\"945\" height=\"604\" src=\"https:\/\/osdobje.splet.arnes.si\/files\/2023\/03\/image.png\" alt=\"\" class=\"wp-image-3196\" srcset=\"https:\/\/osdobje.splet.arnes.si\/files\/2023\/03\/image.png 945w, https:\/\/osdobje.splet.arnes.si\/files\/2023\/03\/image-300x192.png 300w, https:\/\/osdobje.splet.arnes.si\/files\/2023\/03\/image-768x491.png 768w, https:\/\/osdobje.splet.arnes.si\/files\/2023\/03\/image-469x300.png 469w\" sizes=\"auto, (max-width: 945px) 100vw, 945px\" \/><\/a><\/figure>\n\n\n\n<p>Z dejavnostmi bomo sledili naslednjim ciljem trajnostnega razvoja:<\/p>\n\n\n\n<div class=\"wp-block-group is-vertical is-layout-flex wp-container-core-group-is-layout-8cf370e7 wp-block-group-is-layout-flex\">\n<ul class=\"wp-block-list\">\n<li>zdravje in dobro po\u010dutje;<\/li>\n\n\n\n<li>kakovostno izobra\u017eevanje;<\/li>\n\n\n\n<li>\u010dista voda in sanitarna ureditev;<\/li>\n\n\n\n<li>trajnostna mesta in skupnosti;<\/li>\n\n\n\n<li>podnebni ukrepi;<\/li>\n\n\n\n<li>\u017eivljenje v vodi;<\/li>\n\n\n\n<li>\u017eivljenje na kopnem;<\/li>\n\n\n\n<li>mir, pravi\u010dnost in mo\u010dne institucije.<\/li>\n<\/ul>\n<\/div>\n\n\n\n<p>Na\u0161i cilji povezani s podnebnimi spremembami so razumevanje samooskrbe, trajnostna mobilnost, zmanj\u0161anje koli\u010dine odpadkov in ohranjanje pitne vode.<\/p>\n\n\n\n<p>Projekt financira Ministrstvo za okolje in prostor s sredstvi Sklada za podnebne spremembe.<\/p>\n\n\n\n<figure class=\"wp-block-image size-full is-resized\"><img loading=\"lazy\" decoding=\"async\" width=\"869\" height=\"125\" src=\"https:\/\/osdobje.splet.arnes.si\/files\/2023\/03\/image-1.png\" alt=\"\" class=\"wp-image-3197\" style=\"aspect-ratio:6.952;width:469px;height:auto\" srcset=\"https:\/\/osdobje.splet.arnes.si\/files\/2023\/03\/image-1.png 869w, https:\/\/osdobje.splet.arnes.si\/files\/2023\/03\/image-1-300x43.png 300w, https:\/\/osdobje.splet.arnes.si\/files\/2023\/03\/image-1-768x110.png 768w, https:\/\/osdobje.splet.arnes.si\/files\/2023\/03\/image-1-500x72.png 500w\" sizes=\"auto, (max-width: 869px) 100vw, 869px\" \/><\/figure>\n\n\n\n<figure class=\"wp-block-image size-full is-resized\"><a href=\"https:\/\/www.gov.si\/drzavni-organi\/ministrstva\/ministrstvo-za-okolje-podnebje-in-energijo\/\" target=\"_blank\" rel=\"noreferrer noopener\"><img loading=\"lazy\" decoding=\"async\" width=\"544\" height=\"56\" src=\"https:\/\/osdobje.splet.arnes.si\/files\/2023\/03\/image-4.png\" alt=\"\" class=\"wp-image-3200\" srcset=\"https:\/\/osdobje.splet.arnes.si\/files\/2023\/03\/image-4.png 544w, https:\/\/osdobje.splet.arnes.si\/files\/2023\/03\/image-4-300x31.png 300w, https:\/\/osdobje.splet.arnes.si\/files\/2023\/03\/image-4-500x51.png 500w\" sizes=\"auto, (max-width: 544px) 100vw, 544px\" \/><\/a><\/figure>\n\n\n\n<figure class=\"wp-block-image size-full is-resized\"><a href=\"https:\/\/www.zrss.si\/\" target=\"_blank\" rel=\"noreferrer noopener\"><img loading=\"lazy\" decoding=\"async\" width=\"548\" height=\"83\" src=\"https:\/\/osdobje.splet.arnes.si\/files\/2023\/03\/image-5.png\" alt=\"\" class=\"wp-image-3202\" style=\"aspect-ratio:6.602409638554217;width:435px;height:auto\" srcset=\"https:\/\/osdobje.splet.arnes.si\/files\/2023\/03\/image-5.png 548w, https:\/\/osdobje.splet.arnes.si\/files\/2023\/03\/image-5-300x45.png 300w, https:\/\/osdobje.splet.arnes.si\/files\/2023\/03\/image-5-500x76.png 500w\" sizes=\"auto, (max-width: 548px) 100vw, 548px\" \/><\/a><\/figure>\n","protected":false},"excerpt":{"rendered":"<p>V \u0161olskem letu 2022\/23 aktivno sodelujemo pri izvajanju ukrepa \u00bbPodnebni cilji in vsebine v vzgoji in izobra\u017eevanju\u00ab, ki ga koordinira Zavod Republike Slovenije za \u0161olstvo v sodelovanju z Ministrstvom za vzgojo in izobra\u017eevanje ter Ministrstvom za okolje in prostor. Osnovni &hellip; <a href=\"https:\/\/osdobje.splet.arnes.si\/?page_id=3195\">Beri naprej <span class=\"meta-nav\">&rarr;<\/span><\/a><\/p>\n","protected":false},"author":2420,"featured_media":0,"parent":0,"menu_order":0,"comment_status":"closed","ping_status":"closed","template":"","meta":{"ngg_post_thumbnail":0,"footnotes":""},"class_list":["post-3195","page","type-page","status-publish","hentry"],"_links":{"self":[{"href":"https:\/\/osdobje.splet.arnes.si\/index.php?rest_route=\/wp\/v2\/pages\/3195","targetHints":{"allow":["GET"]}}],"collection":[{"href":"https:\/\/osdobje.splet.arnes.si\/index.php?rest_route=\/wp\/v2\/pages"}],"about":[{"href":"https:\/\/osdobje.splet.arnes.si\/index.php?rest_route=\/wp\/v2\/types\/page"}],"author":[{"embeddable":true,"href":"https:\/\/osdobje.splet.arnes.si\/index.php?rest_route=\/wp\/v2\/users\/2420"}],"replies":[{"embeddable":true,"href":"https:\/\/osdobje.splet.arnes.si\/index.php?rest_route=%2Fwp%2Fv2%2Fcomments&post=3195"}],"version-history":[{"count":6,"href":"https:\/\/osdobje.splet.arnes.si\/index.php?rest_route=\/wp\/v2\/pages\/3195\/revisions"}],"predecessor-version":[{"id":4512,"href":"https:\/\/osdobje.splet.arnes.si\/index.php?rest_route=\/wp\/v2\/pages\/3195\/revisions\/4512"}],"wp:attachment":[{"href":"https:\/\/osdobje.splet.arnes.si\/index.php?rest_route=%2Fwp%2Fv2%2Fmedia&parent=3195"}],"curies":[{"name":"wp","href":"https:\/\/api.w.org\/{rel}","templated":true}]}}