{"id":162,"date":"2014-07-09T11:33:12","date_gmt":"2014-07-09T09:33:12","guid":{"rendered":"http:\/\/osdobje.splet.arnes.si\/?page_id=162"},"modified":"2023-04-20T12:45:28","modified_gmt":"2023-04-20T10:45:28","slug":"vizija-sole","status":"publish","type":"page","link":"https:\/\/osdobje.splet.arnes.si\/?page_id=162","title":{"rendered":"Vizija \u0161ole"},"content":{"rendered":"<p><strong>Vizija Osnovne \u0161ole Dobje<\/strong><\/p>\n<p>Smo odprta in inovativna \u0161ola, ki razvija ustvarjalnost in daje znanje za \u017eivljenje.<\/p>\n<h2>Poslanstvo Osnovne \u0161ole Dobje<\/h2>\n<p>Vzgojiti in izobraziti u\u010dence, da bodo s spo\u0161tljivim in strpnim odnosom do ljudi in okolja stopali v svet. \u017delimo:<\/p>\n<ul>\n<li>u\u010ditelja z avtoriteto, ki zna biti prijazen ter spodbuja in pomaga otroku k osebnemu razvoju in upo\u0161teva otrokovo osebnost;<\/li>\n<li>da bi u\u010denci razvijali zavest o pomembnosti znanja, sprejemali druga\u010dnost ter znali prevzeti odgovornost za svoja dejanja;<\/li>\n<li>razvijati samospo\u0161tovanje pri u\u010diteljih, vzgojiteljih in otrocih;<\/li>\n<li>razvijati doslednost u\u010diteljev in u\u010dencev na vseh podro\u010djih;<\/li>\n<li>ve\u010djo avtonomijo u\u010diteljev;<\/li>\n<li>okrepiti pripadnosti zavodu.<\/li>\n<\/ul>\n<p><strong>Zastavljene cilje \u017eelimo razvijati na temeljnih vrednotah:<\/strong><\/p>\n<ul>\n<li>spo\u0161tovanju na vseh ravneh;<\/li>\n<li>znanju, kreativnosti, strokovnosti, u\u010denju za \u017eivljenje, odgovornosti, vztrajnosti;<\/li>\n<li>medsebojni pomo\u010di, medsebojnem spo\u0161tovanju, zaupanju, prijateljstvu, po\u0161tenosti, prijaznosti, strpnosti do druga\u010de misle\u010dih, sprejemanju novosti;<\/li>\n<li>razvijanju delovnih navad in kolektivnega duha;<\/li>\n<li>razvijanju pozitivnega odnosa do \u010distega okolja in narave, kulturne dedi\u0161\u010dine, skrbi za zdravje.<\/li>\n<\/ul>\n","protected":false},"excerpt":{"rendered":"<p>Vizija Osnovne \u0161ole Dobje Smo odprta in inovativna \u0161ola, ki razvija ustvarjalnost in daje znanje za \u017eivljenje. Poslanstvo Osnovne \u0161ole Dobje Vzgojiti in izobraziti u\u010dence, da bodo s spo\u0161tljivim in strpnim odnosom do ljudi in okolja stopali v svet. \u017delimo: &hellip; <a href=\"https:\/\/osdobje.splet.arnes.si\/?page_id=162\">Beri naprej <span class=\"meta-nav\">&rarr;<\/span><\/a><\/p>\n","protected":false},"author":2420,"featured_media":0,"parent":0,"menu_order":0,"comment_status":"closed","ping_status":"closed","template":"sidebar-page.php","meta":{"ngg_post_thumbnail":0,"footnotes":""},"class_list":["post-162","page","type-page","status-publish","hentry"],"_links":{"self":[{"href":"https:\/\/osdobje.splet.arnes.si\/index.php?rest_route=\/wp\/v2\/pages\/162","targetHints":{"allow":["GET"]}}],"collection":[{"href":"https:\/\/osdobje.splet.arnes.si\/index.php?rest_route=\/wp\/v2\/pages"}],"about":[{"href":"https:\/\/osdobje.splet.arnes.si\/index.php?rest_route=\/wp\/v2\/types\/page"}],"author":[{"embeddable":true,"href":"https:\/\/osdobje.splet.arnes.si\/index.php?rest_route=\/wp\/v2\/users\/2420"}],"replies":[{"embeddable":true,"href":"https:\/\/osdobje.splet.arnes.si\/index.php?rest_route=%2Fwp%2Fv2%2Fcomments&post=162"}],"version-history":[{"count":4,"href":"https:\/\/osdobje.splet.arnes.si\/index.php?rest_route=\/wp\/v2\/pages\/162\/revisions"}],"predecessor-version":[{"id":3256,"href":"https:\/\/osdobje.splet.arnes.si\/index.php?rest_route=\/wp\/v2\/pages\/162\/revisions\/3256"}],"wp:attachment":[{"href":"https:\/\/osdobje.splet.arnes.si\/index.php?rest_route=%2Fwp%2Fv2%2Fmedia&parent=162"}],"curies":[{"name":"wp","href":"https:\/\/api.w.org\/{rel}","templated":true}]}}