{"id":1093,"date":"2017-09-12T11:55:07","date_gmt":"2017-09-12T09:55:07","guid":{"rendered":"http:\/\/osdobje.splet.arnes.si\/?page_id=1093"},"modified":"2024-10-08T09:19:22","modified_gmt":"2024-10-08T07:19:22","slug":"zdrav-zivljenjski-slog","status":"publish","type":"page","link":"https:\/\/osdobje.splet.arnes.si\/?page_id=1093","title":{"rendered":"Zdrav \u017eivljenjski slog"},"content":{"rendered":"\n<div class=\"wp-block-group\"><div class=\"wp-block-group__inner-container is-layout-constrained wp-block-group-is-layout-constrained\"><div class=\"wp-block-image\">\n<figure class=\"aligncenter is-resized\"><a href=\"http:\/\/osdobje.splet.arnes.si\/files\/2017\/09\/zzs.jpg\"><img loading=\"lazy\" decoding=\"async\" width=\"300\" height=\"58\" src=\"http:\/\/osdobje.splet.arnes.si\/files\/2017\/09\/zzs-300x58.jpg\" alt=\"\" class=\"wp-image-1131\" style=\"aspect-ratio:5.172413793103448;width:380px;height:auto\" srcset=\"https:\/\/osdobje.splet.arnes.si\/files\/2017\/09\/zzs-300x58.jpg 300w, https:\/\/osdobje.splet.arnes.si\/files\/2017\/09\/zzs-768x147.jpg 768w, https:\/\/osdobje.splet.arnes.si\/files\/2017\/09\/zzs-1024x196.jpg 1024w, https:\/\/osdobje.splet.arnes.si\/files\/2017\/09\/zzs-500x96.jpg 500w, https:\/\/osdobje.splet.arnes.si\/files\/2017\/09\/zzs.jpg 1251w\" sizes=\"auto, (max-width: 300px) 100vw, 300px\" \/><\/a><\/figure>\n<\/div><\/div><\/div>\n\n\n\n<p><span style=\"font-family: 'Arial',sans-serif\">Program Zdrav \u017eivljenjski slog odli\u010dno dopolnjuje redne ure \u0161porta, katerih je po mojem mnenju v osnovni \u0161oli premalo. S tem projektom je u\u010dencem omogo\u010deno, da imajo vsak dan vsaj po eno uro \u0161porta. Na O\u0160 Dobje je Zdrav \u017eivljenjski slog \u017ee uspe\u0161no zasidran. U\u010diteljica Janja Polen\u0161ek Davidovski se \u017ee od leta 2010 s pomo\u010djo Zdravega \u017eivljenjskega sloga trudi u\u010dencem omogo\u010diti \u010dim ve\u010d gibanja, kar je v dana\u0161njem \u010dasu, ko otroci vedno ve\u010d \u010dasa prebijejo v stanovanjih za ra\u010dunalniki in ostalimi mediji, vedno bolj pomembno.<\/span><\/p>\n\n\n\n<p><span style=\"font-family: 'Arial',sans-serif\">Realizacija Zdravega \u017eivljenjskega sloga je kljub temu, da sem v decembru nadomestil Janjo Polen\u0161ek Davidovski, ki je od\u0161la na porodni\u0161ki dopust, tekla nemoteno in bila v celoti izvedena. Po vsebini se realizacija ni bistveno razlikovala od na\u010drtovane. Sodelovanje z dru\u0161tvi, kakor je bilo na\u010drtovano, se je pokazalo za uspe\u0161no, saj je nekaj u\u010dencev za\u010delo obiskovati treninge, ki jih ta dru\u0161tva organizirajo.<\/span><\/p>\n\n\n\n<p><span style=\"font-family: 'Arial',sans-serif\">Udele\u017eba na rednih urah Zdravega \u017eivljenjskega sloga je bila pri vseh skupinah zelo visoka. Manjkali so le u\u010denci, ki so bili bolani in niso pri\u0161li v \u0161olo ter u\u010denci, ki so bili na raznih tekmovanjih, pripreditvah, ali v \u0161oli v naravi. Pri vadbah, ki so nekajkrat potekale tudi ob sobotah in med po\u010ditnicami, je bila udele\u017eba nekoliko ni\u017eja, manjkali pa so le u\u010denci, ki so s star\u0161i kam odpotovali, ali so imeli \u017ee vnaprej organizirane druge dejavnosti.<\/span><\/p>\n\n\n\n<p><span style=\"font-family: 'Arial',sans-serif\">Komunikacija in medsebojno razumevanje med u\u010ditelji na \u0161oli je zelo pomembno in \u0161e kako potrebno. Na O\u0160 Dobje imajo ravnateljica Suzana Plemenita\u0161 in ostali sodelavci izreden posluh za ta projekt in \u0161port na splo\u0161no. Kadar je potrebna kak\u0161na pomo\u010d, pomagajo po svojih najbolj\u0161ih mo\u010deh. <\/span><\/p>\n\n\n\n<p><span style=\"font-family: 'Arial',sans-serif\">Projekt Z\u017dS prina\u0161a na\u0161im u\u010dencem v prvi vrsti ve\u010d gibanja, sprostitve in spoznavanja dodatnih gibalnih vsebin. V primeru aktivnosti v drugih krajih, pa tudi spoznavanje ostalih delov Slovenije. <\/span><\/p>\n\n\n\n<p><span style=\"font-family: 'Arial',sans-serif\">Za naslednje leto na\u010drtujemo podoben program, kot smo ga izvajali do sedaj, saj otroci v njem u\u017eivajo. Zastavljen je tako, da jim daje veliko gibalno \u0161irino, s pestro in raznoliko vsebino, ki je ob\u010dasno izvedena tudi v drugih delih Slovenije.<\/span><\/p>\n","protected":false},"excerpt":{"rendered":"<p>Program Zdrav \u017eivljenjski slog odli\u010dno dopolnjuje redne ure \u0161porta, katerih je po mojem mnenju v osnovni \u0161oli premalo. S tem projektom je u\u010dencem omogo\u010deno, da imajo vsak dan vsaj po eno uro \u0161porta. Na O\u0160 Dobje je Zdrav \u017eivljenjski slog &hellip; <a href=\"https:\/\/osdobje.splet.arnes.si\/?page_id=1093\">Beri naprej <span class=\"meta-nav\">&rarr;<\/span><\/a><\/p>\n","protected":false},"author":2420,"featured_media":0,"parent":0,"menu_order":0,"comment_status":"closed","ping_status":"closed","template":"","meta":{"ngg_post_thumbnail":0,"footnotes":""},"class_list":["post-1093","page","type-page","status-publish","hentry"],"_links":{"self":[{"href":"https:\/\/osdobje.splet.arnes.si\/index.php?rest_route=\/wp\/v2\/pages\/1093","targetHints":{"allow":["GET"]}}],"collection":[{"href":"https:\/\/osdobje.splet.arnes.si\/index.php?rest_route=\/wp\/v2\/pages"}],"about":[{"href":"https:\/\/osdobje.splet.arnes.si\/index.php?rest_route=\/wp\/v2\/types\/page"}],"author":[{"embeddable":true,"href":"https:\/\/osdobje.splet.arnes.si\/index.php?rest_route=\/wp\/v2\/users\/2420"}],"replies":[{"embeddable":true,"href":"https:\/\/osdobje.splet.arnes.si\/index.php?rest_route=%2Fwp%2Fv2%2Fcomments&post=1093"}],"version-history":[{"count":5,"href":"https:\/\/osdobje.splet.arnes.si\/index.php?rest_route=\/wp\/v2\/pages\/1093\/revisions"}],"predecessor-version":[{"id":3974,"href":"https:\/\/osdobje.splet.arnes.si\/index.php?rest_route=\/wp\/v2\/pages\/1093\/revisions\/3974"}],"wp:attachment":[{"href":"https:\/\/osdobje.splet.arnes.si\/index.php?rest_route=%2Fwp%2Fv2%2Fmedia&parent=1093"}],"curies":[{"name":"wp","href":"https:\/\/api.w.org\/{rel}","templated":true}]}}